{"id":88,"date":"2021-11-09T08:27:51","date_gmt":"2021-11-09T08:27:51","guid":{"rendered":"https:\/\/themes.muffingroup.com\/be\/wallet2\/?page_id=88"},"modified":"2022-10-31T15:19:59","modified_gmt":"2022-10-31T15:19:59","slug":"home","status":"publish","type":"page","link":"https:\/\/lexera.pl\/dla-prawnikow\/","title":{"rendered":"Home"},"content":{"rendered":"","protected":false},"excerpt":{"rendered":"","protected":false},"author":1,"featured_media":0,"parent":0,"menu_order":0,"comment_status":"closed","ping_status":"closed","template":"","meta":{"footnotes":""},"class_list":["post-88","page","type-page","status-publish","hentry"],"yoast_head":"<!-- This site is optimized with the Yoast SEO plugin v22.7 - https:\/\/yoast.com\/wordpress\/plugins\/seo\/ -->\n<title>Daj pozna\u0107 si\u0119 Twojej kancelarii w sieci!<\/title>\n<meta name=\"description\" content=\"Oprogramowanie dla prawnik\u00f3w. System u\u0142atwiaj\u0105cy zarz\u0105dzanie i rozw\u00f3j kancelarii dopasowane do Twoich potrzeb.\" \/>\n<meta name=\"robots\" content=\"index, follow, max-snippet:-1, max-image-preview:large, max-video-preview:-1\" \/>\n<link rel=\"canonical\" href=\"https:\/\/lexera.pl\/dla-prawnikow\/\" \/>\n<meta property=\"og:locale\" content=\"en_US\" \/>\n<meta property=\"og:type\" content=\"article\" \/>\n<meta property=\"og:title\" content=\"Daj pozna\u0107 si\u0119 Twojej kancelarii w sieci!\" \/>\n<meta property=\"og:description\" content=\"Oprogramowanie dla prawnik\u00f3w. System u\u0142atwiaj\u0105cy zarz\u0105dzanie i rozw\u00f3j kancelarii dopasowane do Twoich potrzeb.\" \/>\n<meta property=\"og:url\" content=\"https:\/\/lexera.pl\/dla-prawnikow\/\" \/>\n<meta property=\"og:site_name\" content=\"Lexera\" \/>\n<meta property=\"article:modified_time\" content=\"2022-10-31T15:19:59+00:00\" \/>\n<meta name=\"twitter:card\" content=\"summary_large_image\" \/>\n<script type=\"application\/ld+json\" class=\"yoast-schema-graph\">{\"@context\":\"https:\/\/schema.org\",\"@graph\":[{\"@type\":\"WebPage\",\"@id\":\"https:\/\/lexera.pl\/dla-prawnikow\/\",\"url\":\"https:\/\/lexera.pl\/dla-prawnikow\/\",\"name\":\"Daj pozna\u0107 si\u0119 Twojej kancelarii w sieci!\",\"isPartOf\":{\"@id\":\"https:\/\/lexera.pl\/dla-prawnikow\/#website\"},\"datePublished\":\"2021-11-09T08:27:51+00:00\",\"dateModified\":\"2022-10-31T15:19:59+00:00\",\"description\":\"Oprogramowanie dla prawnik\u00f3w. System u\u0142atwiaj\u0105cy zarz\u0105dzanie i rozw\u00f3j kancelarii dopasowane do Twoich potrzeb.\",\"breadcrumb\":{\"@id\":\"https:\/\/lexera.pl\/dla-prawnikow\/#breadcrumb\"},\"inLanguage\":\"en-US\",\"potentialAction\":[{\"@type\":\"ReadAction\",\"target\":[\"https:\/\/lexera.pl\/dla-prawnikow\/\"]}]},{\"@type\":\"BreadcrumbList\",\"@id\":\"https:\/\/lexera.pl\/dla-prawnikow\/#breadcrumb\",\"itemListElement\":[{\"@type\":\"ListItem\",\"position\":1,\"name\":\"Home\",\"item\":\"https:\/\/lexera.pl\/dla-prawnikow\/\"},{\"@type\":\"ListItem\",\"position\":2,\"name\":\"Home\"}]},{\"@type\":\"WebSite\",\"@id\":\"https:\/\/lexera.pl\/dla-prawnikow\/#website\",\"url\":\"https:\/\/lexera.pl\/dla-prawnikow\/\",\"name\":\"Lexera\",\"description\":\"\",\"publisher\":{\"@id\":\"https:\/\/lexera.pl\/dla-prawnikow\/#organization\"},\"potentialAction\":[{\"@type\":\"SearchAction\",\"target\":{\"@type\":\"EntryPoint\",\"urlTemplate\":\"https:\/\/lexera.pl\/dla-prawnikow\/?s={search_term_string}\"},\"query-input\":\"required name=search_term_string\"}],\"inLanguage\":\"en-US\"},{\"@type\":\"Organization\",\"@id\":\"https:\/\/lexera.pl\/dla-prawnikow\/#organization\",\"name\":\"Lexera\",\"url\":\"https:\/\/lexera.pl\/dla-prawnikow\/\",\"logo\":{\"@type\":\"ImageObject\",\"inLanguage\":\"en-US\",\"@id\":\"https:\/\/lexera.pl\/dla-prawnikow\/#\/schema\/logo\/image\/\",\"url\":\"https:\/\/lexera.pl\/dla-prawnikow\/wp-content\/uploads\/2022\/09\/lex3.png\",\"contentUrl\":\"https:\/\/lexera.pl\/dla-prawnikow\/wp-content\/uploads\/2022\/09\/lex3.png\",\"width\":882,\"height\":378,\"caption\":\"Lexera\"},\"image\":{\"@id\":\"https:\/\/lexera.pl\/dla-prawnikow\/#\/schema\/logo\/image\/\"}}]}<\/script>\n<!-- \/ Yoast SEO plugin. -->","yoast_head_json":{"title":"Daj pozna\u0107 si\u0119 Twojej kancelarii w sieci!","description":"Oprogramowanie dla prawnik\u00f3w. System u\u0142atwiaj\u0105cy zarz\u0105dzanie i rozw\u00f3j kancelarii dopasowane do Twoich potrzeb.","robots":{"index":"index","follow":"follow","max-snippet":"max-snippet:-1","max-image-preview":"max-image-preview:large","max-video-preview":"max-video-preview:-1"},"canonical":"https:\/\/lexera.pl\/dla-prawnikow\/","og_locale":"en_US","og_type":"article","og_title":"Daj pozna\u0107 si\u0119 Twojej kancelarii w sieci!","og_description":"Oprogramowanie dla prawnik\u00f3w. System u\u0142atwiaj\u0105cy zarz\u0105dzanie i rozw\u00f3j kancelarii dopasowane do Twoich potrzeb.","og_url":"https:\/\/lexera.pl\/dla-prawnikow\/","og_site_name":"Lexera","article_modified_time":"2022-10-31T15:19:59+00:00","twitter_card":"summary_large_image","schema":{"@context":"https:\/\/schema.org","@graph":[{"@type":"WebPage","@id":"https:\/\/lexera.pl\/dla-prawnikow\/","url":"https:\/\/lexera.pl\/dla-prawnikow\/","name":"Daj pozna\u0107 si\u0119 Twojej kancelarii w sieci!","isPartOf":{"@id":"https:\/\/lexera.pl\/dla-prawnikow\/#website"},"datePublished":"2021-11-09T08:27:51+00:00","dateModified":"2022-10-31T15:19:59+00:00","description":"Oprogramowanie dla prawnik\u00f3w. System u\u0142atwiaj\u0105cy zarz\u0105dzanie i rozw\u00f3j kancelarii dopasowane do Twoich potrzeb.","breadcrumb":{"@id":"https:\/\/lexera.pl\/dla-prawnikow\/#breadcrumb"},"inLanguage":"en-US","potentialAction":[{"@type":"ReadAction","target":["https:\/\/lexera.pl\/dla-prawnikow\/"]}]},{"@type":"BreadcrumbList","@id":"https:\/\/lexera.pl\/dla-prawnikow\/#breadcrumb","itemListElement":[{"@type":"ListItem","position":1,"name":"Home","item":"https:\/\/lexera.pl\/dla-prawnikow\/"},{"@type":"ListItem","position":2,"name":"Home"}]},{"@type":"WebSite","@id":"https:\/\/lexera.pl\/dla-prawnikow\/#website","url":"https:\/\/lexera.pl\/dla-prawnikow\/","name":"Lexera","description":"","publisher":{"@id":"https:\/\/lexera.pl\/dla-prawnikow\/#organization"},"potentialAction":[{"@type":"SearchAction","target":{"@type":"EntryPoint","urlTemplate":"https:\/\/lexera.pl\/dla-prawnikow\/?s={search_term_string}"},"query-input":"required name=search_term_string"}],"inLanguage":"en-US"},{"@type":"Organization","@id":"https:\/\/lexera.pl\/dla-prawnikow\/#organization","name":"Lexera","url":"https:\/\/lexera.pl\/dla-prawnikow\/","logo":{"@type":"ImageObject","inLanguage":"en-US","@id":"https:\/\/lexera.pl\/dla-prawnikow\/#\/schema\/logo\/image\/","url":"https:\/\/lexera.pl\/dla-prawnikow\/wp-content\/uploads\/2022\/09\/lex3.png","contentUrl":"https:\/\/lexera.pl\/dla-prawnikow\/wp-content\/uploads\/2022\/09\/lex3.png","width":882,"height":378,"caption":"Lexera"},"image":{"@id":"https:\/\/lexera.pl\/dla-prawnikow\/#\/schema\/logo\/image\/"}}]}},"_links":{"self":[{"href":"https:\/\/lexera.pl\/dla-prawnikow\/wp-json\/wp\/v2\/pages\/88","targetHints":{"allow":["GET"]}}],"collection":[{"href":"https:\/\/lexera.pl\/dla-prawnikow\/wp-json\/wp\/v2\/pages"}],"about":[{"href":"https:\/\/lexera.pl\/dla-prawnikow\/wp-json\/wp\/v2\/types\/page"}],"author":[{"embeddable":true,"href":"https:\/\/lexera.pl\/dla-prawnikow\/wp-json\/wp\/v2\/users\/1"}],"replies":[{"embeddable":true,"href":"https:\/\/lexera.pl\/dla-prawnikow\/wp-json\/wp\/v2\/comments?post=88"}],"version-history":[{"count":1,"href":"https:\/\/lexera.pl\/dla-prawnikow\/wp-json\/wp\/v2\/pages\/88\/revisions"}],"predecessor-version":[{"id":191,"href":"https:\/\/lexera.pl\/dla-prawnikow\/wp-json\/wp\/v2\/pages\/88\/revisions\/191"}],"wp:attachment":[{"href":"https:\/\/lexera.pl\/dla-prawnikow\/wp-json\/wp\/v2\/media?parent=88"}],"curies":[{"name":"wp","href":"https:\/\/api.w.org\/{rel}","templated":true}]}}